{"id":259,"date":"2016-05-23T10:32:02","date_gmt":"2016-05-23T10:32:02","guid":{"rendered":"http:\/\/test.kriesi.at\/enfold-health-coach\/?page_id=259"},"modified":"2016-05-23T10:32:02","modified_gmt":"2016-05-23T10:32:02","slug":"blog","status":"publish","type":"page","link":"https:\/\/girardiadv.com.br\/inicio\/blog\/","title":{"rendered":"Blog"},"content":{"rendered":"<div id='welcome' class='av-layout-grid-container entry-content-wrapper main_color av-fixed-cells    avia-builder-el-0  el_before_av_one_full  avia-builder-el-first  container_wrap sidebar_right' style=' '  >\n<div class=\"flex_cell no_margin av_one_fourth  avia-builder-el-1  el_before_av_cell_one_fourth  avia-builder-el-first   av-zero-padding \" style='height:15px; min-height:15px;vertical-align:top; padding:0px; background-color:#719430; '><div class='flex_cell_inner' ><\/div><\/div><div class=\"flex_cell no_margin av_one_fourth  avia-builder-el-2  el_after_av_cell_one_fourth  el_before_av_cell_one_fourth   av-zero-padding \" style='height:15px; min-height:15px;vertical-align:top; padding:0px; background-color:#92bb46; '><div class='flex_cell_inner' ><\/div><\/div><div class=\"flex_cell no_margin av_one_fourth  avia-builder-el-3  el_after_av_cell_one_fourth  el_before_av_cell_one_fourth   av-zero-padding \" style='height:15px; min-height:15px;vertical-align:top; padding:0px; background-color:#acd464; '><div class='flex_cell_inner' ><\/div><\/div><div class=\"flex_cell no_margin av_one_fourth  avia-builder-el-4  el_after_av_cell_one_fourth  avia-builder-el-last   av-zero-padding \" style='height:15px; min-height:15px;vertical-align:top; padding:0px; background-color:#e1fbb2; '><div class='flex_cell_inner' ><\/div><\/div>\n<\/div><div id='after_submenu_1' class='main_color av_default_container_wrap container_wrap sidebar_right' style=' '  ><div class='container' ><div class='template-page content  av-content-small alpha units'><div class='post-entry post-entry-type-page post-entry-259'><div class='entry-content-wrapper clearfix'>\n<div class=\"flex_column av_one_full  flex_column_div av-zero-column-padding first  avia-builder-el-5  el_after_av_layout_row  avia-builder-el-no-sibling  \" style='border-radius:0px; '><div id='av-masonry-1' class='av-masonry  noHover av-fixed-size av-large-gap av-hover-overlay-active av-masonry-animation-active av-masonry-col-2 av-caption-always av-caption-style-    '  ><div class='av-masonry-container isotope av-js-disabled ' ><div class='av-masonry-entry isotope-item av-masonry-item-no-image '><\/div><a href=\"https:\/\/girardiadv.com.br\/inicio\/direito-previdenciario\/fraude-consignado-aposentadoria-beneficio-inss\/\" id='av-masonry-1-item-1138' data-av-masonry-item='1138' class='av-masonry-entry isotope-item post-1138 post type-post status-publish format-standard has-post-thumbnail hentry category-direito-civil category-direito-previdenciario tag-acao-contra-banco-consignado tag-advogado-em-ilheus tag-advogado-em-itabuna-2 tag-advogado-emprestimo-consignado tag-advogado-online tag-advogado-previdenciario tag-aposentadoria-desconto-indevido tag-beneficio-previdenciario tag-consignado-para-aposentado tag-contrato-consignado-fraudulento tag-danos-morais-inss tag-desconto-indevido-inss tag-devolucao-em-dobro tag-emprestimo-consignado-inss tag-emprestimo-nao-reconhecido tag-fraude-emprestimo-consignado tag-girardi-advocacia tag-nulidade-de-contrato-bancario tag-suspensao-de-desconto-inss  av-masonry-item-with-image' title=\"Fraude em empr\u00e9stimo INSS\"  itemscope=\"itemscope\" itemtype=\"https:\/\/schema.org\/CreativeWork\" ><div class='av-inner-masonry-sizer'><\/div><figure class='av-inner-masonry main_color'><div class=\"av-masonry-outerimage-container\"><div class=\"av-masonry-image-container\" style=\"background-image: url(https:\/\/i0.wp.com\/girardiadv.com.br\/inicio\/wp-content\/uploads\/2026\/02\/Fraude-em-emprestimo-INSS.png?fit=705%2C397&ssl=1);\" title=\"Fraude em empr\u00e9stimo INSS\" ><\/div><\/div><figcaption class='av-inner-masonry-content site-background'><div class='av-inner-masonry-content-pos'><div class='av-inner-masonry-content-pos-content'><div class='avia-arrow'><\/div><h3 class='av-masonry-entry-title entry-title'  itemprop=\"headline\" >Empr\u00e9stimo Consignado Fraudulento no INSS? Saiba Como Parar os Descontos e Receber Seu Dinheiro de Volta<\/h3><div class='av-masonry-entry-content entry-content'  itemprop=\"text\" >Fraude em empr\u00e9stimo consignado no INSS \u00e9 mais comum do que parece e pode comprometer diretamente a aposentadoria ou benef\u00edcio previdenci\u00e1rio. Muitos aposentados e pensionistas descobrem descontos que nunca autorizaram, contratos inexistentes ou refinanciamentos realizados sem consentimento.<br \/>\n<br \/>\nNesses casos, \u00e9 poss\u00edvel buscar judicialmente a nulidade do contrato, a suspens\u00e3o imediata dos descontos, a devolu\u00e7\u00e3o dos valores pagos \u2014 inclusive em dobro quando cab\u00edvel \u2014 e indeniza\u00e7\u00e3o por danos morais.<br \/>\n<br \/>\nA an\u00e1lise correta das provas e a estrat\u00e9gia jur\u00eddica adequada s\u00e3o fundamentais para proteger o benef\u00edcio e recuperar o preju\u00edzo sofrido.<\/div><span class='av-masonry-date meta-color updated'>fevereiro 23, 2026<\/span><span class=\"av-masonry-text-sep text-sep-author\">\/<\/span><span class='av-masonry-author meta-color vcard author'><span class='fn'>por admin<\/span><\/span><\/div><\/div><\/figcaption><\/figure><\/a><!--end av-masonry entry--><a href=\"https:\/\/girardiadv.com.br\/inicio\/uncategorized\/habilitacao-juridica-para-abertura-de-processo\/\" id='av-masonry-1-item-1053' data-av-masonry-item='1053' class='av-masonry-entry isotope-item post-1053 post type-post status-publish format-standard hentry category-uncategorized  av-masonry-item-no-image' title=\"\"  itemscope=\"itemscope\" itemtype=\"https:\/\/schema.org\/CreativeWork\" ><div class='av-inner-masonry-sizer'><\/div><figure class='av-inner-masonry main_color'><figcaption class='av-inner-masonry-content site-background'><div class='av-inner-masonry-content-pos'><div class='av-inner-masonry-content-pos-content'><div class='avia-arrow'><\/div><h3 class='av-masonry-entry-title entry-title'  itemprop=\"headline\" ><\/h3><div class='av-masonry-entry-content entry-content'  itemprop=\"text\" >:root { font-family: system-ui, -apple-system, Segoe UI,\u2026<\/div><span class='av-masonry-date meta-color updated'>outubro 10, 2025<\/span><span class=\"av-masonry-text-sep text-sep-author\">\/<\/span><span class='av-masonry-author meta-color vcard author'><span class='fn'>por admin<\/span><\/span><\/div><\/div><\/figcaption><\/figure><\/a><!--end av-masonry entry--><a href=\"https:\/\/girardiadv.com.br\/inicio\/uncategorized\/habilitacao\/\" id='av-masonry-1-item-1049' data-av-masonry-item='1049' class='av-masonry-entry isotope-item post-1049 post type-post status-publish format-standard hentry category-uncategorized  av-masonry-item-no-image' title=\"\"  itemscope=\"itemscope\" itemtype=\"https:\/\/schema.org\/CreativeWork\" ><div class='av-inner-masonry-sizer'><\/div><figure class='av-inner-masonry main_color'><figcaption class='av-inner-masonry-content site-background'><div class='av-inner-masonry-content-pos'><div class='av-inner-masonry-content-pos-content'><div class='avia-arrow'><\/div><h3 class='av-masonry-entry-title entry-title'  itemprop=\"headline\" ><\/h3><span class='av-masonry-date meta-color updated'>outubro 10, 2025<\/span><span class=\"av-masonry-text-sep text-sep-author\">\/<\/span><span class='av-masonry-author meta-color vcard author'><span class='fn'>por admin<\/span><\/span><\/div><\/div><\/figcaption><\/figure><\/a><!--end av-masonry entry--><a href=\"https:\/\/girardiadv.com.br\/inicio\/uncategorized\/835\/\" id='av-masonry-1-item-835' data-av-masonry-item='835' class='av-masonry-entry isotope-item post-835 post type-post status-publish format-standard hentry category-uncategorized  av-masonry-item-no-image' title=\"\"  itemscope=\"itemscope\" itemtype=\"https:\/\/schema.org\/CreativeWork\" ><div class='av-inner-masonry-sizer'><\/div><figure class='av-inner-masonry main_color'><figcaption class='av-inner-masonry-content site-background'><div class='av-inner-masonry-content-pos'><div class='av-inner-masonry-content-pos-content'><div class='avia-arrow'><\/div><h3 class='av-masonry-entry-title entry-title'  itemprop=\"headline\" ><\/h3><span class='av-masonry-date meta-color updated'>maio 24, 2024<\/span><span class=\"av-masonry-text-sep text-sep-author\">\/<\/span><span class='av-masonry-author meta-color vcard author'><span class='fn'>por admin<\/span><\/span><\/div><\/div><\/figcaption><\/figure><\/a><!--end av-masonry entry--><a href=\"https:\/\/girardiadv.com.br\/inicio\/direito-de-familia\/inventario\/\" id='av-masonry-1-item-693' data-av-masonry-item='693' class='av-masonry-entry isotope-item post-693 post type-post status-publish format-standard has-post-thumbnail hentry category-direito-de-familia tag-advocacia tag-advogado tag-direito-de-heranca tag-extrajudicial tag-girardi tag-heranca tag-inventario tag-itabuna tag-judicial tag-meu-avo-faleceu tag-quem-tem-direito tag-sucecao tag-sucecoes  av-masonry-item-with-image' title=\"SO1HXHU4GSYS6J7S73H3CAT07WQS4P\"  itemscope=\"itemscope\" itemtype=\"https:\/\/schema.org\/CreativeWork\" ><div class='av-inner-masonry-sizer'><\/div><figure class='av-inner-masonry main_color'><div class=\"av-masonry-outerimage-container\"><div class=\"av-masonry-image-container\" style=\"background-image: url(https:\/\/i0.wp.com\/girardiadv.com.br\/inicio\/wp-content\/uploads\/2022\/06\/SO1HXHU4GSYS6J7S73H3CAT07WQS4P.png?fit=705%2C470&ssl=1);\" title=\"SO1HXHU4GSYS6J7S73H3CAT07WQS4P\" ><\/div><\/div><figcaption class='av-inner-masonry-content site-background'><div class='av-inner-masonry-content-pos'><div class='av-inner-masonry-content-pos-content'><div class='avia-arrow'><\/div><h3 class='av-masonry-entry-title entry-title'  itemprop=\"headline\" >INVENT\u00c1RIO<\/h3><span class='av-masonry-date meta-color updated'>julho 2, 2022<\/span><span class=\"av-masonry-text-sep text-sep-author\">\/<\/span><span class='av-masonry-author meta-color vcard author'><span class='fn'>por admin<\/span><\/span><\/div><\/div><\/figcaption><\/figure><\/a><!--end av-masonry entry--><a href=\"https:\/\/girardiadv.com.br\/inicio\/uncategorized\/restituicao-de-4304-produtores-rurais-com-credito-antes-do-plano-collor-devem-ser-indenizados-diz-stj\/\" id='av-masonry-1-item-565' data-av-masonry-item='565' class='av-masonry-entry isotope-item post-565 post type-post status-publish format-standard has-post-thumbnail hentry category-direito-civil category-direito-empresarial category-uncategorized tag-106 tag-advogado-em-ilheus tag-advogado-em-itabuna tag-bahia tag-banco-do-brasil tag-credito-rural tag-direito-a-restituicao tag-financiamento tag-girardi-advocacia tag-itabuna tag-plano-collor tag-revisao tag-ruralista  av-masonry-item-with-image' title=\"Screenshot_20200322-194925_Gallery.jpg\"  itemscope=\"itemscope\" itemtype=\"https:\/\/schema.org\/CreativeWork\" ><div class='av-inner-masonry-sizer'><\/div><figure class='av-inner-masonry main_color'><div class=\"av-masonry-outerimage-container\"><div class=\"av-masonry-image-container\" style=\"background-image: url(https:\/\/i0.wp.com\/girardiadv.com.br\/inicio\/wp-content\/uploads\/2020\/03\/Screenshot_20200322-194925_Gallery.jpg?fit=705%2C695&ssl=1);\" title=\"Screenshot_20200322-194925_Gallery.jpg\" ><\/div><\/div><figcaption class='av-inner-masonry-content site-background'><div class='av-inner-masonry-content-pos'><div class='av-inner-masonry-content-pos-content'><div class='avia-arrow'><\/div><h3 class='av-masonry-entry-title entry-title'  itemprop=\"headline\" >RESTITUI\u00c7\u00c3O DE 43,04%  Produtores rurais com cr\u00e9dito antes do Plano Collor devem ser indenizados, diz STJ<\/h3><div class='av-masonry-entry-content entry-content'  itemprop=\"text\" >RESTITUI\u00c7\u00c3O DE 43,04%  Produtores rurais com cr\u00e9dito antes do Plano Collor devem ser indenizados, diz STJ<\/div><span class='av-masonry-date meta-color updated'>mar\u00e7o 22, 2020<\/span><span class=\"av-masonry-text-sep text-sep-author\">\/<\/span><span class='av-masonry-author meta-color vcard author'><span class='fn'>por admin<\/span><\/span><\/div><\/div><\/figcaption><\/figure><\/a><!--end av-masonry entry--><\/div><div class='av-masonry-pagination av-masonry-pagination-pagination'><nav class='pagination'><span class='pagination-meta'>P\u00e1gina 1 de 2<\/span><span class='current'>1<\/span><a href='https:\/\/girardiadv.com.br\/inicio\/wp-json\/wp\/v2\/pages\/259\/page\/2\/' class='inactive next_page' >2<\/a><\/nav>\n<\/div><\/div><\/div>\n","protected":false},"excerpt":{"rendered":"","protected":false},"author":1,"featured_media":0,"parent":0,"menu_order":0,"comment_status":"closed","ping_status":"closed","template":"","meta":{"jetpack_post_was_ever_published":false,"footnotes":""},"jetpack_sharing_enabled":true,"jetpack_shortlink":"https:\/\/wp.me\/PaSEzW-4b","jetpack_likes_enabled":true,"_links":{"self":[{"href":"https:\/\/girardiadv.com.br\/inicio\/wp-json\/wp\/v2\/pages\/259"}],"collection":[{"href":"https:\/\/girardiadv.com.br\/inicio\/wp-json\/wp\/v2\/pages"}],"about":[{"href":"https:\/\/girardiadv.com.br\/inicio\/wp-json\/wp\/v2\/types\/page"}],"author":[{"embeddable":true,"href":"https:\/\/girardiadv.com.br\/inicio\/wp-json\/wp\/v2\/users\/1"}],"replies":[{"embeddable":true,"href":"https:\/\/girardiadv.com.br\/inicio\/wp-json\/wp\/v2\/comments?post=259"}],"version-history":[{"count":0,"href":"https:\/\/girardiadv.com.br\/inicio\/wp-json\/wp\/v2\/pages\/259\/revisions"}],"wp:attachment":[{"href":"https:\/\/girardiadv.com.br\/inicio\/wp-json\/wp\/v2\/media?parent=259"}],"curies":[{"name":"wp","href":"https:\/\/api.w.org\/{rel}","templated":true}]}}