{"id":1082,"date":"2025-10-29T16:54:59","date_gmt":"2025-10-29T16:54:59","guid":{"rendered":"https:\/\/girardiadv.com.br\/inicio\/?page_id=1082"},"modified":"2025-10-29T20:05:02","modified_gmt":"2025-10-29T20:05:02","slug":"aposentadoria","status":"publish","type":"page","link":"https:\/\/girardiadv.com.br\/inicio\/aposentadoria\/","title":{"rendered":"Aposentadorias"},"content":{"rendered":"<div class=\"flex_column av_one_full  flex_column_div av-zero-column-padding first  avia-builder-el-0  el_before_av_section  avia-builder-el-no-sibling  \" style='border-radius:0px; '><p><div style='padding-bottom:10px; ' class='av-special-heading av-special-heading-h3    avia-builder-el-1  el_before_av_textblock  avia-builder-el-first  '><h3 class='av-special-heading-tag '  itemprop=\"headline\"  >Precisa de um Especialista em aposentadoria?<\/h3><div class='special-heading-border'><div class='special-heading-inner-border' ><\/div><\/div><\/div><br \/>\n<section class=\"av_textblock_section \"  itemscope=\"itemscope\" itemtype=\"https:\/\/schema.org\/CreativeWork\" ><div class='avia_textblock  '   itemprop=\"text\" ><div class=\"elementor-widget-container\">\n<p class=\"font_7 wixui-rich-text__text\"><span class=\"wixui-rich-text__text\"><span class=\"color_11 wixui-rich-text__text\">Conte com a equipe do escrit\u00f3rio <strong>Girardi Advocacia &#038; Consultoria<\/strong> para defender os seus direitos na esfera Judicial ou Administrativa.<\/span><\/span><\/p>\n<\/div>\n<p>Consulte um dos nossos especialistas gratuitamente e veja se voc\u00ea tem direito.<\/p>\n<p>Abaixo, voc\u00ea pode conferir alguns requisitos de aposentadoria:<\/p>\n<\/div><\/section><br \/>\n\t<div  class='av_promobox  avia-button-yes  avia-builder-el-3  el_after_av_textblock  avia-builder-el-last '>\t\t<div class='avia-promocontent'><p>\nFale com um dos nossos especialistas agora<\/p>\n<\/div><div class='avia-button-wrap avia-button-right '><a href='https:\/\/wa.me\/557331980992?text=Preciso%20de%20uma%20an%C3%A1lise%20previdenci%C3%A1ria%20para%20aposentadoria..%20'  class='avia-button   avia-icon_select-no avia-color-green avia-size-large avia-position-right '   ><span class='avia_iconbox_title' >Enviar Mensagem WhatsApp<\/span><\/a><\/div>\t<\/div><\/p><\/div>\n<\/div><\/div><\/div><!-- close content main div --><\/div><\/div><div id='av_section_1' class='avia-section main_color avia-section-no-padding avia-no-border-styling av-section-color-overlay-active avia-bg-style-fixed  avia-builder-el-4  el_after_av_one_full  el_before_av_textblock   av-minimum-height av-minimum-height-100 container_wrap sidebar_right' style='background-color: #1c1c1c; background-repeat: no-repeat; background-image: url(https:\/\/i0.wp.com\/girardiadv.com.br\/inicio\/wp-content\/uploads\/2025\/10\/Aposentadorias-1.png?fit=1920%2C1080&ssl=1);background-attachment: fixed; background-position: top center;  '  data-section-bg-repeat='no-repeat'><div class='av-section-color-overlay-wrap'><div class='av-section-color-overlay' style='opacity: 0.6; background-color: #0a0a0a; '><\/div><div class='container' ><div class='template-page content  av-content-small alpha units'><div class='post-entry post-entry-type-page post-entry-1082'><div class='entry-content-wrapper clearfix'>\n<div class=\"togglecontainer  av-elegant-toggle  avia-builder-el-5  avia-builder-el-no-sibling \" >\n<section class=\"av_toggle_section\"  itemscope=\"itemscope\" itemtype=\"https:\/\/schema.org\/CreativeWork\"  >    <div class=\"single_toggle\" data-tags=\"{Todos} \"  >        <p data-fake-id=\"#toggle-id-1\" class=\"toggler  hasCustomColor av-inherit-font-color  av-inherit-border-color \"  itemprop=\"headline\"  style='background-color: rgba(255,255,255,0.01); color: #ffffff; border-color: #fcfcfc; ' >Aposentadoria por Idade<span class=\"toggle_icon\" style='border-color:#ffffff;'>        <span class=\"vert_icon\"><\/span><span class=\"hor_icon\"><\/span><\/span><\/p>        <div id=\"toggle-id-1-container\" class=\"toggle_wrap \"  >            <div class=\"toggle_content invers-color  av-inherit-font-color  av-inherit-border-color \"  itemprop=\"text\"  style='background-color: rgba(255,255,255,0.01); color: #ffffff; border-color: #fcfcfc; ' ><h3 data-start=\"172\" data-end=\"209\"><strong data-start=\"182\" data-end=\"209\">Aposentadoria por Idade<\/strong><\/h3>\n<p data-start=\"210\" data-end=\"278\">\u00c9 concedida com base na idade m\u00ednima e tempo m\u00ednimo de contribui\u00e7\u00e3o.<\/p>\n<ul data-start=\"280\" data-end=\"517\">\n<li data-start=\"280\" data-end=\"330\">\n<p data-start=\"282\" data-end=\"330\"><strong data-start=\"282\" data-end=\"293\">Homens:<\/strong> 65 anos + 15 anos de contribui\u00e7\u00e3o.<\/p>\n<\/li>\n<li data-start=\"331\" data-end=\"383\">\n<p data-start=\"333\" data-end=\"383\"><strong data-start=\"333\" data-end=\"346\">Mulheres:<\/strong> 62 anos + 15 anos de contribui\u00e7\u00e3o.<\/p>\n<\/li>\n<li data-start=\"384\" data-end=\"517\">\n<p data-start=\"386\" data-end=\"413\"><strong data-start=\"386\" data-end=\"411\">Regra especial rural:<\/strong><\/p>\n<ul data-start=\"416\" data-end=\"517\">\n<li data-start=\"416\" data-end=\"465\">\n<p data-start=\"418\" data-end=\"465\">Homens: 60 anos + 15 anos de atividade rural.<\/p>\n<\/li>\n<li data-start=\"468\" data-end=\"517\">\n<p data-start=\"470\" data-end=\"517\">Mulheres: 55 anos + 15 anos de atividade rural.<\/p>\n<\/li>\n<\/ul>\n<\/li>\n<\/ul>\n            <\/div>        <\/div>    <\/div><\/section>\n<section class=\"av_toggle_section\"  itemscope=\"itemscope\" itemtype=\"https:\/\/schema.org\/CreativeWork\"  >    <div class=\"single_toggle\" data-tags=\"{Todos} \"  >        <p data-fake-id=\"#toggle-id-2\" class=\"toggler  hasCustomColor av-inherit-font-color  av-inherit-border-color \"  itemprop=\"headline\"  style='background-color: rgba(255,255,255,0.01); color: #ffffff; border-color: #fcfcfc; ' >Aposentadoria por Tempo de Contribui\u00e7\u00e3o<span class=\"toggle_icon\" style='border-color:#ffffff;'>        <span class=\"vert_icon\"><\/span><span class=\"hor_icon\"><\/span><\/span><\/p>        <div id=\"toggle-id-2-container\" class=\"toggle_wrap \"  >            <div class=\"toggle_content invers-color  av-inherit-font-color  av-inherit-border-color \"  itemprop=\"text\"  style='background-color: rgba(255,255,255,0.01); color: #ffffff; border-color: #fcfcfc; ' ><h3 data-start=\"524\" data-end=\"598\"><strong data-start=\"533\" data-end=\"598\">Aposentadoria por Tempo de Contribui\u00e7\u00e3o (Regras de Transi\u00e7\u00e3o)<\/strong><\/h3>\n<p data-start=\"599\" data-end=\"776\">Ap\u00f3s a <strong data-start=\"606\" data-end=\"646\">Reforma da Previd\u00eancia (EC 103\/2019)<\/strong>, o benef\u00edcio por tempo de contribui\u00e7\u00e3o puro foi extinto, mas h\u00e1 <strong data-start=\"711\" data-end=\"734\">regras de transi\u00e7\u00e3o<\/strong> para quem j\u00e1 contribu\u00eda antes da reforma.<\/p>\n<p data-start=\"778\" data-end=\"796\">Principais regras:<\/p>\n<ul data-start=\"797\" data-end=\"1081\">\n<li data-start=\"797\" data-end=\"879\">\n<p data-start=\"799\" data-end=\"879\"><strong data-start=\"799\" data-end=\"841\">Sistema de pontos (86\/96 progressivo):<\/strong> soma idade + tempo de contribui\u00e7\u00e3o.<\/p>\n<\/li>\n<li data-start=\"880\" data-end=\"948\">\n<p data-start=\"882\" data-end=\"948\"><strong data-start=\"882\" data-end=\"911\">Idade m\u00ednima progressiva:<\/strong> eleva gradualmente a idade m\u00ednima.<\/p>\n<\/li>\n<li data-start=\"949\" data-end=\"1081\">\n<p data-start=\"951\" data-end=\"1081\"><strong data-start=\"951\" data-end=\"978\">Ped\u00e1gio de 50% ou 100%:<\/strong> exige tempo adicional para se aposentar conforme faltava para atingir o tempo m\u00ednimo antes da reforma.<\/p>\n<\/li>\n<\/ul>\n            <\/div>        <\/div>    <\/div><\/section>\n<section class=\"av_toggle_section\"  itemscope=\"itemscope\" itemtype=\"https:\/\/schema.org\/CreativeWork\"  >    <div class=\"single_toggle\" data-tags=\"{Todos} \"  >        <p data-fake-id=\"#toggle-id-3\" class=\"toggler  hasCustomColor av-inherit-font-color  av-inherit-border-color \"  itemprop=\"headline\"  style='background-color: rgba(255,255,255,0.01); color: #ffffff; border-color: #fcfcfc; ' >Aposentadoria Especial<span class=\"toggle_icon\" style='border-color:#ffffff;'>        <span class=\"vert_icon\"><\/span><span class=\"hor_icon\"><\/span><\/span><\/p>        <div id=\"toggle-id-3-container\" class=\"toggle_wrap \"  >            <div class=\"toggle_content invers-color  av-inherit-font-color  av-inherit-border-color \"  itemprop=\"text\"  style='background-color: rgba(255,255,255,0.01); color: #ffffff; border-color: #fcfcfc; ' ><h3 data-start=\"1088\" data-end=\"1124\"><strong data-start=\"1098\" data-end=\"1124\">Aposentadoria Especial<\/strong><\/h3>\n<p data-start=\"1125\" data-end=\"1240\">Destinada a quem trabalhou <strong data-start=\"1152\" data-end=\"1181\">exposto a agentes nocivos<\/strong> (qu\u00edmicos, biol\u00f3gicos ou f\u00edsicos) que prejudiquem a sa\u00fade.<\/p>\n<ul data-start=\"1242\" data-end=\"1412\">\n<li data-start=\"1242\" data-end=\"1306\">\n<p data-start=\"1244\" data-end=\"1306\">15, 20 ou 25 anos de contribui\u00e7\u00e3o (dependendo da atividade).<\/p>\n<\/li>\n<li data-start=\"1307\" data-end=\"1412\">\n<p data-start=\"1309\" data-end=\"1412\">Exemplo: mineiros, eletricistas, vigilantes armados, profissionais de sa\u00fade expostos a risco biol\u00f3gico.<\/p>\n<\/li>\n<\/ul>\n            <\/div>        <\/div>    <\/div><\/section>\n<section class=\"av_toggle_section\"  itemscope=\"itemscope\" itemtype=\"https:\/\/schema.org\/CreativeWork\"  >    <div class=\"single_toggle\" data-tags=\"{Todos} \"  >        <p data-fake-id=\"#toggle-id-4\" class=\"toggler  hasCustomColor av-inherit-font-color  av-inherit-border-color \"  itemprop=\"headline\"  style='background-color: rgba(255,255,255,0.01); color: #ffffff; border-color: #fcfcfc; ' >Aposentadoria por Invalidez (Incapacidade Permanente)<span class=\"toggle_icon\" style='border-color:#ffffff;'>        <span class=\"vert_icon\"><\/span><span class=\"hor_icon\"><\/span><\/span><\/p>        <div id=\"toggle-id-4-container\" class=\"toggle_wrap \"  >            <div class=\"toggle_content invers-color  av-inherit-font-color  av-inherit-border-color \"  itemprop=\"text\"  style='background-color: rgba(255,255,255,0.01); color: #ffffff; border-color: #fcfcfc; ' ><h3 data-start=\"1419\" data-end=\"1486\"><strong data-start=\"1429\" data-end=\"1486\">Aposentadoria por Invalidez (Incapacidade Permanente)<\/strong><\/h3>\n<p data-start=\"1487\" data-end=\"1609\">Concedida a quem fica <strong data-start=\"1509\" data-end=\"1544\">total e permanentemente incapaz<\/strong> de exercer atividade laboral, sem possibilidade de reabilita\u00e7\u00e3o.<\/p>\n<ul data-start=\"1611\" data-end=\"1786\">\n<li data-start=\"1611\" data-end=\"1705\">\n<p data-start=\"1613\" data-end=\"1705\">Exige <strong data-start=\"1619\" data-end=\"1658\">car\u00eancia m\u00ednima de 12 contribui\u00e7\u00f5es<\/strong>, salvo em casos de acidente ou doen\u00e7a grave.<\/p>\n<\/li>\n<li data-start=\"1706\" data-end=\"1786\">\n<p data-start=\"1708\" data-end=\"1786\">Substitui o antigo \u201caux\u00edlio-doen\u00e7a\u201d quando a incapacidade se torna definitiva.<\/p>\n<\/li>\n<\/ul>\n            <\/div>        <\/div>    <\/div><\/section>\n<section class=\"av_toggle_section\"  itemscope=\"itemscope\" itemtype=\"https:\/\/schema.org\/CreativeWork\"  >    <div class=\"single_toggle\" data-tags=\"{Todos} \"  >        <p data-fake-id=\"#toggle-id-5\" class=\"toggler  hasCustomColor av-inherit-font-color  av-inherit-border-color \"  itemprop=\"headline\"  style='background-color: rgba(255,255,255,0.01); color: #ffffff; border-color: #fcfcfc; ' >Aposentadoria da Pessoa com Defici\u00eancia<span class=\"toggle_icon\" style='border-color:#ffffff;'>        <span class=\"vert_icon\"><\/span><span class=\"hor_icon\"><\/span><\/span><\/p>        <div id=\"toggle-id-5-container\" class=\"toggle_wrap \"  >            <div class=\"toggle_content invers-color  av-inherit-font-color  av-inherit-border-color \"  itemprop=\"text\"  style='background-color: rgba(255,255,255,0.01); color: #ffffff; border-color: #fcfcfc; ' ><h3 data-start=\"1793\" data-end=\"1849\"><strong data-start=\"1806\" data-end=\"1849\">Aposentadoria da Pessoa com Defici\u00eancia<\/strong><\/h3>\n<p data-start=\"1850\" data-end=\"1954\">Para segurados com <strong data-start=\"1869\" data-end=\"1925\">defici\u00eancia f\u00edsica, mental, intelectual ou sensorial<\/strong>, conforme grau de limita\u00e7\u00e3o.<\/p>\n<ul data-start=\"1956\" data-end=\"2233\">\n<li data-start=\"1956\" data-end=\"2151\">\n<p data-start=\"1958\" data-end=\"1993\"><strong data-start=\"1958\" data-end=\"1993\">Tempo de contribui\u00e7\u00e3o reduzido:<\/strong><\/p>\n<ul data-start=\"1996\" data-end=\"2151\">\n<li data-start=\"1996\" data-end=\"2045\">\n<p data-start=\"1998\" data-end=\"2045\"><strong data-start=\"1998\" data-end=\"2008\">Grave:<\/strong> 25 anos (homem) \/ 20 anos (mulher)<\/p>\n<\/li>\n<li data-start=\"2048\" data-end=\"2100\">\n<p data-start=\"2050\" data-end=\"2100\"><strong data-start=\"2050\" data-end=\"2063\">Moderada:<\/strong> 29 anos (homem) \/ 24 anos (mulher)<\/p>\n<\/li>\n<li data-start=\"2103\" data-end=\"2151\">\n<p data-start=\"2105\" data-end=\"2151\"><strong data-start=\"2105\" data-end=\"2114\">Leve:<\/strong> 33 anos (homem) \/ 28 anos (mulher)<\/p>\n<\/li>\n<\/ul>\n<\/li>\n<li data-start=\"2152\" data-end=\"2233\">\n<p data-start=\"2154\" data-end=\"2233\">Tamb\u00e9m pode ocorrer <strong data-start=\"2174\" data-end=\"2196\">por idade reduzida<\/strong>: 60 anos (homem) \/ 55 anos (mulher).<\/p>\n<\/li>\n<\/ul>\n            <\/div>        <\/div>    <\/div><\/section>\n<section class=\"av_toggle_section\"  itemscope=\"itemscope\" itemtype=\"https:\/\/schema.org\/CreativeWork\"  >    <div class=\"single_toggle\" data-tags=\"{Todos} \"  >        <p data-fake-id=\"#toggle-id-6\" class=\"toggler  hasCustomColor av-inherit-font-color  av-inherit-border-color \"  itemprop=\"headline\"  style='background-color: rgba(255,255,255,0.01); color: #ffffff; border-color: #fcfcfc; ' >Aposentadoria Rural<span class=\"toggle_icon\" style='border-color:#ffffff;'>        <span class=\"vert_icon\"><\/span><span class=\"hor_icon\"><\/span><\/span><\/p>        <div id=\"toggle-id-6-container\" class=\"toggle_wrap \"  >            <div class=\"toggle_content invers-color  av-inherit-font-color  av-inherit-border-color \"  itemprop=\"text\"  style='background-color: rgba(255,255,255,0.01); color: #ffffff; border-color: #fcfcfc; ' ><h3 data-start=\"2240\" data-end=\"2273\"><strong data-start=\"2250\" data-end=\"2273\">Aposentadoria Rural<\/strong><\/h3>\n<p data-start=\"2274\" data-end=\"2355\">Voltada para trabalhadores rurais, agricultores familiares e segurados especiais.<\/p>\n<ul data-start=\"2357\" data-end=\"2515\">\n<li data-start=\"2357\" data-end=\"2379\">\n<p data-start=\"2359\" data-end=\"2379\"><strong data-start=\"2359\" data-end=\"2369\">Homem:<\/strong> 60 anos<\/p>\n<\/li>\n<li data-start=\"2380\" data-end=\"2403\">\n<p data-start=\"2382\" data-end=\"2403\"><strong data-start=\"2382\" data-end=\"2393\">Mulher:<\/strong> 55 anos<\/p>\n<\/li>\n<li data-start=\"2404\" data-end=\"2515\">\n<p data-start=\"2406\" data-end=\"2515\">Exige comprova\u00e7\u00e3o de <strong data-start=\"2427\" data-end=\"2457\">15 anos de atividade rural<\/strong>, ainda que sem contribui\u00e7\u00f5es diretas (segurado especial).<\/p>\n<\/li>\n<\/ul>\n            <\/div>        <\/div>    <\/div><\/section>\n<\/div>\n<\/div><\/div><\/div><!-- close content main div --><\/div><\/div><\/div><div id='after_section_1' class='main_color av_default_container_wrap container_wrap sidebar_right' style=' '  ><div class='container' ><div class='template-page content  av-content-small alpha units'><div class='post-entry post-entry-type-page post-entry-1082'><div class='entry-content-wrapper clearfix'><section class=\"av_textblock_section \"  itemscope=\"itemscope\" itemtype=\"https:\/\/schema.org\/CreativeWork\" ><div class='avia_textblock  '   itemprop=\"text\" ><p>Existem tr\u00eas formas de voc\u00ea poder falar com a nossa Equipe:<\/p>\n<p>1\u00ba Enviar mensagem via nosso WhatsApp oficial<\/p>\n<p>2\u00ba Ligar para o nosso escrit\u00f3rio<\/p>\n<p>3\u00ba Enviar o seu nome e n\u00famero de telefone que nossa equipe retornar\u00e1 a liga\u00e7\u00e3o para voc\u00ea.<\/p>\n<\/div><\/section><\/p>\n\t<div  class='av_promobox  avia-button-yes  avia-builder-el-7  el_after_av_textblock  el_before_av_hr '>\t\t<div class='avia-promocontent'><p>\nFa\u00e7a uma an\u00e1lise com um de nossos especialistas e verifique se voc\u00ea tem direito<\/p>\n<\/div><div class='avia-button-wrap avia-button-right '><a href='https:\/\/wa.me\/557331980992?text=Preciso%20de%20uma%20an%C3%A1lise%20previdenci%C3%A1ria%20para%20aposentadoria..%20'  class='avia-button   avia-icon_select-no avia-color-green avia-size-large avia-position-right '   ><span class='avia_iconbox_title' >Enviar Mensagem WhatsApp<\/span><\/a><\/div>\t<\/div>\n<div  class='hr hr-default   avia-builder-el-8  el_after_av_promobox  el_before_av_button '><span class='hr-inner ' ><span class='hr-inner-style'><\/span><\/span><\/div>\n<div class='avia-button-wrap avia-button-center  avia-builder-el-9  el_after_av_hr  el_before_av_hr '><a href='tel:+557331980992'  class='avia-button   avia-icon_select-yes-left-icon avia-color-theme-color avia-size-small avia-position-center '   ><span class='avia_button_icon avia_button_icon_left ' aria-hidden='true' data-av_icon='\ue854' data-av_iconfont='entypo-fontello'><\/span><span class='avia_iconbox_title' >Lique para nosso escrit\u00f3rio (73) 3198-0992<\/span><\/a><\/div>\n<div  class='hr hr-default   avia-builder-el-10  el_after_av_button  el_before_av_contact '><span class='hr-inner ' ><span class='hr-inner-style'><\/span><\/span><\/div>\n<form action=\"https:\/\/girardiadv.com.br\/inicio\/aposentadoria\/\" method=\"post\"  class=\"avia_ajax_form av-form-labels-visible   avia-builder-el-11  el_after_av_hr  avia-builder-el-last   \" data-avia-form-id=\"1\" data-avia-redirect=''><fieldset><h3>Deixe o seu n\u00famero que ligamos para voc\u00ea<\/h3><p class=' first_form  form_element form_fullwidth' id='element_avia_1_1'><label for=\"avia_1_1\">Nome completo <abbr class=\"required\" title=\"required\">*<\/abbr><\/label> <input name=\"avia_1_1\" class=\"text_input is_empty\" type=\"text\" id=\"avia_1_1\" value=\"\" \/><\/p><p class=' first_form  form_element form_fullwidth' id='element_avia_2_1'><label for=\"avia_2_1\">N\u00ba do celular (DDD) 9 8765-4321 <abbr class=\"required\" title=\"required\">*<\/abbr><\/label> <input name=\"avia_2_1\" class=\"text_input is_phone\" type=\"text\" id=\"avia_2_1\" value=\"\" \/><\/p><p class=' first_form  form_element form_element_half' id='element_avia_3_1'><label for=\"avia_3_1\">Cidade <abbr class=\"required\" title=\"required\">*<\/abbr><\/label> <input name=\"avia_3_1\" class=\"text_input is_empty\" type=\"text\" id=\"avia_3_1\" value=\"\" \/><\/p><p class=' form_element form_element_half' id='element_avia_4_1'><label for=\"avia_4_1\">Estado <abbr class=\"required\" title=\"required\">*<\/abbr><\/label> <select  name=\"avia_4_1\" class=\"select is_empty\" id=\"avia_4_1\"><option  value ='Acre'>Acre<\/option><option  value ='Alagoas'>Alagoas<\/option><option  value ='Amap\u00e1'>Amap\u00e1<\/option><option  value ='Amazonas'>Amazonas<\/option><option  value ='Bahia'>Bahia<\/option><option  value ='Cear\u00e1'>Cear\u00e1<\/option><option  value ='Distrito Federal'>Distrito Federal<\/option><option  value ='Esp\u00edrito Santo'>Esp\u00edrito Santo<\/option><option  value ='Goi\u00e1s'>Goi\u00e1s<\/option><option  value ='Maranh\u00e3o'>Maranh\u00e3o<\/option><option  value ='Mato Grosso'>Mato Grosso<\/option><option  value ='Mato Grosso do Sul'>Mato Grosso do Sul<\/option><option  value ='Minas Gerais'>Minas Gerais<\/option><option  value ='Par\u00e1'>Par\u00e1<\/option><option  value ='Para\u00edba'>Para\u00edba<\/option><option  value ='Paran\u00e1'>Paran\u00e1<\/option><option  value ='Pernambuco'>Pernambuco<\/option><option  value ='Piau\u00ed'>Piau\u00ed<\/option><option  value ='Rio de Janeiro'>Rio de Janeiro<\/option><option  value ='Rio Grande do Norte'>Rio Grande do Norte<\/option><option  value ='Rio Grande do Sul'>Rio Grande do Sul<\/option><option  value ='Rond\u00f4nia'>Rond\u00f4nia<\/option><option  value ='Roraima'>Roraima<\/option><option  value ='Santa Catarina'>Santa Catarina<\/option><option  value ='S\u00e3o Paulo'>S\u00e3o Paulo<\/option><option  value ='Sergipe'>Sergipe<\/option><option  value ='Tocantins'>Tocantins<\/option><\/select><\/p><p class=' first_form  form_element form_fullwidth av-last-visible-form-element' id='element_avia_5_1'><label for=\"avia_5_1\">Qual tipo de aposentadoria?<\/label> <select  name=\"avia_5_1\" class=\"select \" id=\"avia_5_1\"><option  value ='Aposentadoria por Idade'>Aposentadoria por Idade<\/option><option  value ='Aposentadoria por Tempo de Contribui\u00e7\u00e3o'>Aposentadoria por Tempo de Contribui\u00e7\u00e3o<\/option><option  value ='Aposentadoria Especial'>Aposentadoria Especial<\/option><option  value ='Aposentadoria por Invalidez'>Aposentadoria por Invalidez<\/option><option  value ='Aposentadortia por Defici\u00eancia'>Aposentadortia por Defici\u00eancia<\/option><option  value ='Aposentadoria Rural'>Aposentadoria Rural<\/option><option  value ='Planejamento previdenci\u00e1rio'>Planejamento previdenci\u00e1rio<\/option><option  value ='Aposentadoria para PCD'>Aposentadoria para PCD<\/option><option  value ='Aposentadoria para professores'>Aposentadoria para professores<\/option><option  value ='Ainda n\u00e3o sei'>Ainda n\u00e3o sei<\/option><\/select><\/p><p class=\"hidden\"><input type=\"text\" name=\"avia_6_1\" class=\"hidden \" id=\"avia_6_1\" value=\"\" \/><\/p><p class=\"form_element \"><input type=\"hidden\" value=\"1\" name=\"avia_generated_form1\" \/><input type=\"submit\" value=\"Enviar\" class=\"button\"  data-sending-label=\"Sending\"\/><\/p><\/fieldset><\/form><div id=\"ajaxresponse_1\" class=\"ajaxresponse ajaxresponse_1 hidden\"><\/div>\n","protected":false},"excerpt":{"rendered":"","protected":false},"author":1,"featured_media":0,"parent":0,"menu_order":0,"comment_status":"closed","ping_status":"closed","template":"","meta":{"jetpack_post_was_ever_published":false,"footnotes":""},"jetpack_sharing_enabled":true,"jetpack_shortlink":"https:\/\/wp.me\/PaSEzW-hs","jetpack_likes_enabled":true,"_links":{"self":[{"href":"https:\/\/girardiadv.com.br\/inicio\/wp-json\/wp\/v2\/pages\/1082"}],"collection":[{"href":"https:\/\/girardiadv.com.br\/inicio\/wp-json\/wp\/v2\/pages"}],"about":[{"href":"https:\/\/girardiadv.com.br\/inicio\/wp-json\/wp\/v2\/types\/page"}],"author":[{"embeddable":true,"href":"https:\/\/girardiadv.com.br\/inicio\/wp-json\/wp\/v2\/users\/1"}],"replies":[{"embeddable":true,"href":"https:\/\/girardiadv.com.br\/inicio\/wp-json\/wp\/v2\/comments?post=1082"}],"version-history":[{"count":38,"href":"https:\/\/girardiadv.com.br\/inicio\/wp-json\/wp\/v2\/pages\/1082\/revisions"}],"predecessor-version":[{"id":1132,"href":"https:\/\/girardiadv.com.br\/inicio\/wp-json\/wp\/v2\/pages\/1082\/revisions\/1132"}],"wp:attachment":[{"href":"https:\/\/girardiadv.com.br\/inicio\/wp-json\/wp\/v2\/media?parent=1082"}],"curies":[{"name":"wp","href":"https:\/\/api.w.org\/{rel}","templated":true}]}}