{"id":1063,"date":"2025-10-10T16:54:59","date_gmt":"2025-10-10T16:54:59","guid":{"rendered":"https:\/\/girardiadv.com.br\/inicio\/?page_id=1063"},"modified":"2025-10-10T16:55:01","modified_gmt":"2025-10-10T16:55:01","slug":"termos-de-consentimento","status":"publish","type":"page","link":"https:\/\/girardiadv.com.br\/inicio\/termos-de-consentimento\/","title":{"rendered":"Termos de Consentimento"},"content":{"rendered":"<div class=\"flex_column av_one_full  flex_column_div av-zero-column-padding first  avia-builder-el-0  avia-builder-el-no-sibling  \" style='border-radius:0px; '><section class=\"av_textblock_section \"  itemscope=\"itemscope\" itemtype=\"https:\/\/schema.org\/CreativeWork\" ><div class='avia_textblock  '   itemprop=\"text\" ><h2 data-start=\"386\" data-end=\"474\">\ud83d\udcc4 <strong data-start=\"392\" data-end=\"474\">Termos de Consentimento para Envio e Tratamento de Dados Pessoais e Documentos<\/strong><\/h2>\n<p data-start=\"476\" data-end=\"759\">Ao prosseguir com o envio de seus dados e documentos atrav\u00e9s deste site, formul\u00e1rio eletr\u00f4nico, e-mail, WhatsApp ou qualquer outro canal oficial da <strong data-start=\"624\" data-end=\"659\">GIRARDI ADVOCACIA E CONSULTORIA<\/strong>, o(a) usu\u00e1rio(a) declara ter lido, compreendido e concordado integralmente com os seguintes termos:<\/p>\n<h3 data-start=\"761\" data-end=\"801\">1. Finalidade do Tratamento de Dados<\/h3>\n<p data-start=\"802\" data-end=\"952\">Autorizo o tratamento de meus dados pessoais, documentos e informa\u00e7\u00f5es \u2014 inclusive dados sens\u00edveis, quando necess\u00e1rio \u2014 para as seguintes finalidades:<\/p>\n<ul data-start=\"953\" data-end=\"1282\">\n<li data-start=\"953\" data-end=\"993\">\n<p data-start=\"955\" data-end=\"993\">Presta\u00e7\u00e3o de <strong data-start=\"968\" data-end=\"992\">consultoria jur\u00eddica<\/strong>;<\/p>\n<\/li>\n<li data-start=\"994\" data-end=\"1093\">\n<p data-start=\"996\" data-end=\"1093\"><strong data-start=\"996\" data-end=\"1040\">Elabora\u00e7\u00e3o, ajuizamento e acompanhamento<\/strong> de a\u00e7\u00f5es judiciais ou procedimentos administrativos;<\/p>\n<\/li>\n<li data-start=\"1094\" data-end=\"1184\">\n<p data-start=\"1096\" data-end=\"1184\"><strong data-start=\"1096\" data-end=\"1131\">An\u00e1lise e organiza\u00e7\u00e3o de provas<\/strong> e demais elementos necess\u00e1rios \u00e0 defesa de direitos;<\/p>\n<\/li>\n<li data-start=\"1185\" data-end=\"1282\">\n<p data-start=\"1187\" data-end=\"1282\"><strong data-start=\"1187\" data-end=\"1209\">Comunica\u00e7\u00e3o direta<\/strong> com o escrit\u00f3rio e envio de informa\u00e7\u00f5es relevantes ao andamento do caso.<\/p>\n<\/li>\n<\/ul>\n<h3 data-start=\"1284\" data-end=\"1332\">2. Natureza e Abrang\u00eancia dos Dados Enviados<\/h3>\n<p data-start=\"1333\" data-end=\"1412\">Concordo que os dados e documentos fornecidos poder\u00e3o incluir, conforme o caso:<\/p>\n<ul data-start=\"1413\" data-end=\"1674\">\n<li data-start=\"1413\" data-end=\"1490\">\n<p data-start=\"1415\" data-end=\"1490\">Dados pessoais identificadores (nome, CPF, RG, endere\u00e7o, telefone, e-mail);<\/p>\n<\/li>\n<li data-start=\"1491\" data-end=\"1581\">\n<p data-start=\"1493\" data-end=\"1581\">Dados profissionais, financeiros ou m\u00e9dicos (quando indispens\u00e1veis \u00e0 defesa do direito);<\/p>\n<\/li>\n<li data-start=\"1582\" data-end=\"1674\">\n<p data-start=\"1584\" data-end=\"1674\">Arquivos comprobat\u00f3rios como contratos, laudos, comprovantes, registros, \u00e1udios ou v\u00eddeos.<\/p>\n<\/li>\n<\/ul>\n<p data-start=\"1676\" data-end=\"1850\">Declaro que as informa\u00e7\u00f5es prestadas s\u00e3o verdadeiras e enviadas de forma volunt\u00e1ria, com ci\u00eancia de que <strong data-start=\"1780\" data-end=\"1849\">o escrit\u00f3rio n\u00e3o solicita dados al\u00e9m dos estritamente necess\u00e1rios<\/strong>.<\/p>\n<h3 data-start=\"1852\" data-end=\"1869\">3. Base Legal<\/h3>\n<p data-start=\"1870\" data-end=\"2073\">O tratamento \u00e9 realizado com fundamento no <strong data-start=\"1913\" data-end=\"1947\">art. 7\u00ba, inciso V e IX da LGPD<\/strong>, ou seja, mediante consentimento e para o <strong data-start=\"1990\" data-end=\"2072\">exerc\u00edcio regular de direitos em processo judicial, administrativo ou arbitral<\/strong>.<\/p>\n<h3 data-start=\"2075\" data-end=\"2098\">4. Compartilhamento<\/h3>\n<p data-start=\"2099\" data-end=\"2156\">Autorizo que meus dados sejam compartilhados <strong data-start=\"2144\" data-end=\"2155\">somente<\/strong>:<\/p>\n<ul data-start=\"2157\" data-end=\"2563\">\n<li data-start=\"2157\" data-end=\"2243\">\n<p data-start=\"2159\" data-end=\"2243\">Com tribunais, \u00f3rg\u00e3os p\u00fablicos e autoridades competentes, quando necess\u00e1rio ao caso;<\/p>\n<\/li>\n<li data-start=\"2244\" data-end=\"2444\">\n<p data-start=\"2246\" data-end=\"2444\">Com <strong data-start=\"2250\" data-end=\"2286\">prestadores de servi\u00e7os t\u00e9cnicos<\/strong> (como peritos, despachantes, correspondentes e provedores de armazenamento seguro) que atuem sob <strong data-start=\"2384\" data-end=\"2443\">cl\u00e1usula de confidencialidade e seguran\u00e7a da informa\u00e7\u00e3o<\/strong>;<\/p>\n<\/li>\n<li data-start=\"2445\" data-end=\"2563\">\n<p data-start=\"2447\" data-end=\"2563\">Com <strong data-start=\"2451\" data-end=\"2485\">plataformas de gest\u00e3o jur\u00eddica<\/strong> e <strong data-start=\"2488\" data-end=\"2534\">armazenamento criptografado (Google Drive)<\/strong>, utilizadas pelo escrit\u00f3rio.<\/p>\n<\/li>\n<\/ul>\n<h3 data-start=\"2565\" data-end=\"2590\">5. Seguran\u00e7a e Sigilo<\/h3>\n<p data-start=\"2591\" data-end=\"2883\">O escrit\u00f3rio compromete-se a adotar <strong data-start=\"2627\" data-end=\"2675\">medidas t\u00e9cnicas e organizacionais adequadas<\/strong> para proteger os dados contra acesso n\u00e3o autorizado, perda, altera\u00e7\u00e3o ou destrui\u00e7\u00e3o, observando padr\u00f5es \u00e9ticos e jur\u00eddicos compat\u00edveis com a <strong data-start=\"2817\" data-end=\"2858\">Lei Geral de Prote\u00e7\u00e3o de Dados (LGPD)<\/strong> e o <strong data-start=\"2863\" data-end=\"2882\">Estatuto da OAB<\/strong>.<\/p>\n<h3 data-start=\"2885\" data-end=\"2913\">6. Reten\u00e7\u00e3o e Elimina\u00e7\u00e3o<\/h3>\n<p data-start=\"2914\" data-end=\"3161\">Os dados e documentos ser\u00e3o armazenados <strong data-start=\"2954\" data-end=\"3059\">pelo tempo necess\u00e1rio ao cumprimento da finalidade contratual e das obriga\u00e7\u00f5es legais e profissionais<\/strong>, podendo ser eliminados ap\u00f3s esse per\u00edodo, mediante solicita\u00e7\u00e3o expressa do titular, quando poss\u00edvel.<\/p>\n<h3 data-start=\"3163\" data-end=\"3189\">7. Direitos do Titular<\/h3>\n<p data-start=\"3190\" data-end=\"3242\">O(a) usu\u00e1rio(a) pode, a qualquer momento, solicitar:<\/p>\n<ul data-start=\"3243\" data-end=\"3437\">\n<li data-start=\"3243\" data-end=\"3267\">\n<p data-start=\"3245\" data-end=\"3267\">Acesso \u00e0s informa\u00e7\u00f5es;<\/p>\n<\/li>\n<li data-start=\"3268\" data-end=\"3318\">\n<p data-start=\"3270\" data-end=\"3318\">Corre\u00e7\u00e3o de dados incompletos ou desatualizados;<\/p>\n<\/li>\n<li data-start=\"3319\" data-end=\"3351\">\n<p data-start=\"3321\" data-end=\"3351\">Revoga\u00e7\u00e3o deste consentimento;<\/p>\n<\/li>\n<li data-start=\"3352\" data-end=\"3437\">\n<p data-start=\"3354\" data-end=\"3437\">Elimina\u00e7\u00e3o dos dados pessoais tratados com base no consentimento, quando aplic\u00e1vel.<\/p>\n<\/li>\n<\/ul>\n<p data-start=\"3439\" data-end=\"3522\">Os pedidos poder\u00e3o ser realizados atrav\u00e9s do e-mail: <strong data-start=\"3492\" data-end=\"3521\"><a class=\"decorated-link cursor-pointer\" rel=\"noopener\" data-start=\"3494\" data-end=\"3519\">contato@girardiadv.com.br<\/a><\/strong>.<\/p>\n<h3 data-start=\"3524\" data-end=\"3558\">8. Declara\u00e7\u00e3o de Consentimento<\/h3>\n<p data-start=\"3559\" data-end=\"3841\">Ao marcar o campo de concord\u00e2ncia e\/ou enviar meus dados e documentos, <strong data-start=\"3630\" data-end=\"3722\">autorizo expressamente o tratamento das informa\u00e7\u00f5es pela GIRARDI ADVOCACIA E CONSULTORIA<\/strong>, para os fins descritos acima, <strong data-start=\"3754\" data-end=\"3840\">reconhecendo a legitimidade e necessidade do uso para fins jur\u00eddicos e consultivos<\/strong>.<\/p>\n<\/div><\/section><\/div>\n","protected":false},"excerpt":{"rendered":"","protected":false},"author":1,"featured_media":0,"parent":0,"menu_order":0,"comment_status":"closed","ping_status":"closed","template":"","meta":{"jetpack_post_was_ever_published":false,"footnotes":""},"jetpack_sharing_enabled":true,"jetpack_shortlink":"https:\/\/wp.me\/PaSEzW-h9","jetpack_likes_enabled":true,"_links":{"self":[{"href":"https:\/\/girardiadv.com.br\/inicio\/wp-json\/wp\/v2\/pages\/1063"}],"collection":[{"href":"https:\/\/girardiadv.com.br\/inicio\/wp-json\/wp\/v2\/pages"}],"about":[{"href":"https:\/\/girardiadv.com.br\/inicio\/wp-json\/wp\/v2\/types\/page"}],"author":[{"embeddable":true,"href":"https:\/\/girardiadv.com.br\/inicio\/wp-json\/wp\/v2\/users\/1"}],"replies":[{"embeddable":true,"href":"https:\/\/girardiadv.com.br\/inicio\/wp-json\/wp\/v2\/comments?post=1063"}],"version-history":[{"count":1,"href":"https:\/\/girardiadv.com.br\/inicio\/wp-json\/wp\/v2\/pages\/1063\/revisions"}],"predecessor-version":[{"id":1064,"href":"https:\/\/girardiadv.com.br\/inicio\/wp-json\/wp\/v2\/pages\/1063\/revisions\/1064"}],"wp:attachment":[{"href":"https:\/\/girardiadv.com.br\/inicio\/wp-json\/wp\/v2\/media?parent=1063"}],"curies":[{"name":"wp","href":"https:\/\/api.w.org\/{rel}","templated":true}]}}