{"id":1060,"date":"2025-10-10T16:36:20","date_gmt":"2025-10-10T16:36:20","guid":{"rendered":"https:\/\/girardiadv.com.br\/inicio\/?page_id=1060"},"modified":"2025-10-10T17:11:57","modified_gmt":"2025-10-10T17:11:57","slug":"1060-2","status":"publish","type":"page","link":"https:\/\/girardiadv.com.br\/inicio\/1060-2\/","title":{"rendered":"Cadastro"},"content":{"rendered":"<section class=\"av_textblock_section \"  itemscope=\"itemscope\" itemtype=\"https:\/\/schema.org\/CreativeWork\" ><div class='avia_textblock  '   itemprop=\"text\" >    <div class=\"gcc-container\">\n      <h2>Cadastro de Cliente<\/h2>\n      <p class=\"gcc-sub\">Preencha em 3 passos.<\/p>\n\n      <form id=\"gccForm\" enctype=\"multipart\/form-data\" novalidate>\n        <input type=\"hidden\" id=\"g-recaptcha-response\" name=\"g-recaptcha-response\" value=\"\">\n        <input type=\"hidden\" name=\"recaptcha_action\" value=\"gcc_submit\">\n\n        <ol class=\"gcc-steps\" aria-label=\"Etapas do formul\u00e1rio\">\n          <li class=\"active\" data-step=\"1\">1. Dados de Identifica\u00e7\u00e3o<\/li>\n          <li data-step=\"2\">2. Endere\u00e7o<\/li>\n          <li data-step=\"3\">3. Provas do caso<\/li>\n        <\/ol>\n\n        <section class=\"gcc-step\" data-step=\"1\">\n          <fieldset>\n            <legend>Dados de Identifica\u00e7\u00e3o<\/legend>\n            <div class=\"gcc-grid one-col\">\n              <label>Nome completo<input name=\"nome\" type=\"text\" autocomplete=\"name\" required><\/label>\n\n              <label>G\u00eanero\n                <select name=\"genero\" id=\"gcc_genero\" required>\n                  <option value=\"\">Selecione\u2026<\/option>\n                  <option value=\"homem\">Homem<\/option>\n                  <option value=\"mulher\">Mulher<\/option>\n                <\/select>\n              <\/label>\n\n              <label>Nacionalidade\n                <select name=\"nacionalidade\" id=\"gcc_nacionalidade\" required>\n                  <option value=\"\">Selecione\u2026<\/option>\n                  <option value=\"brasileiro\">Brasileiro(a)<\/option>\n                  <option value=\"estrangeiro\">Estrangeiro(a)<\/option>\n                <\/select>\n              <\/label>\n\n              <label>Profiss\u00e3o<input name=\"profissao\" type=\"text\" required><\/label>\n\n              <label>Estado civil\n                <select name=\"estado_civil\" id=\"gcc_estado_civil\" required>\n                  <option value=\"\">Selecione\u2026<\/option>\n                  <option value=\"solteiro\">Solteiro(a)<\/option>\n                  <option value=\"casado\">Casado(a)<\/option>\n                  <option value=\"divorciado\">Divorciado(a)<\/option>\n                  <option value=\"viuvo\">Vi\u00favo(a)<\/option>\n                <\/select>\n              <\/label>\n\n              <label>N\u00famero do CPF\n                <input name=\"cpf\" id=\"gcc_cpf\" type=\"text\" inputmode=\"numeric\" maxlength=\"14\" placeholder=\"000.000.000-00\" required>\n                <div id=\"gcc_cpf_feedback\" class=\"muted\"><\/div>\n              <\/label>\n\n              <label>N\u00famero do RG\/CNH<input name=\"rg\" type=\"text\" required><\/label>\n              <label>\u00d3rg\u00e3o expedidor<input name=\"orgao\" type=\"text\" required><\/label>\n              <label>Data de nascimento<input name=\"nascimento\" type=\"date\" required><\/label>\n              <label>Filia\u00e7\u00e3o \u2014 Genitor (opcional)<input name=\"genitor\" type=\"text\"><\/label>\n              <label>Filia\u00e7\u00e3o \u2014 Genitora<input name=\"genitora\" type=\"text\" required><\/label>\n              <label>N\u00famero de WhatsApp<input name=\"whats\" id=\"gcc_whats\" type=\"tel\" placeholder=\"(00) 00000-0000\" required><\/label>\n              <label>N\u00famero de Telefone 2<input name=\"tel2\" id=\"gcc_tel2\" type=\"tel\" placeholder=\"(00) 0000-0000\"><\/label>\n              <label>E-mail<input name=\"email\" type=\"email\" required><\/label>\n            <\/div>\n          <\/fieldset>\n        <\/section>\n\n        <section class=\"gcc-step\" data-step=\"2\">\n          <fieldset>\n            <legend>Endere\u00e7o<\/legend>\n            <div class=\"gcc-grid one-col\">\n              <label>CEP\n                <input name=\"cep\" id=\"gcc_cep\" type=\"text\" inputmode=\"numeric\" maxlength=\"9\" placeholder=\"00000-000\" required>\n                <small class=\"hint\">Busca autom\u00e1tica via ViaCEP<\/small>\n                <div id=\"gcc_cep_feedback\" class=\"muted\"><\/div>\n              <\/label>\n              <label>Logradouro<input name=\"logradouro\" id=\"gcc_logradouro\" type=\"text\" required><\/label>\n              <label>N\u00ba<input name=\"numero\" type=\"text\" required><\/label>\n              <label>Complemento (opcional)<input name=\"complemento\" type=\"text\"><\/label>\n              <label>Bairro<input name=\"bairro\" id=\"gcc_bairro\" type=\"text\" required><\/label>\n              <label>Cidade<input name=\"cidade\" id=\"gcc_cidade\" type=\"text\" required><\/label>\n              <label>UF\n                <select name=\"estado\" id=\"gcc_estado\" required>\n                  <option value=\"\">UF<\/option>\n                                      <option>AC<\/option>\n                                      <option>AL<\/option>\n                                      <option>AP<\/option>\n                                      <option>AM<\/option>\n                                      <option>BA<\/option>\n                                      <option>CE<\/option>\n                                      <option>DF<\/option>\n                                      <option>ES<\/option>\n                                      <option>GO<\/option>\n                                      <option>MA<\/option>\n                                      <option>MT<\/option>\n                                      <option>MS<\/option>\n                                      <option>MG<\/option>\n                                      <option>PA<\/option>\n                                      <option>PB<\/option>\n                                      <option>PR<\/option>\n                                      <option>PE<\/option>\n                                      <option>PI<\/option>\n                                      <option>RJ<\/option>\n                                      <option>RN<\/option>\n                                      <option>RS<\/option>\n                                      <option>RO<\/option>\n                                      <option>RR<\/option>\n                                      <option>SC<\/option>\n                                      <option>SP<\/option>\n                                      <option>SE<\/option>\n                                      <option>TO<\/option>\n                                  <\/select>\n              <\/label>\n            <\/div>\n          <\/fieldset>\n        <\/section>\n\n        <section class=\"gcc-step\" data-step=\"3\">\n          <fieldset>\n            <legend>Provas do caso<\/legend>\n            <div class=\"gcc-grid one-col\">\n              <label>Nome da empresa reclamada<input name=\"empresa\" type=\"text\" required><\/label>\n              <label>Resumo da situa\u00e7\u00e3o\n                <textarea name=\"resumo\" rows=\"8\" placeholder=\"Descreva datas, fatos e como tudo ocorreu...\" required><\/textarea>\n              <\/label>\n\n              <div class=\"files\">\n                <label>1. Documento de Identifica\u00e7\u00e3o (RG ou CNH) \u2014 PDF\/JPG\/PNG\n                  <input name=\"doc_ident\" type=\"file\" accept=\".pdf,.jpg,.jpeg,.png\" required>\n                <\/label>\n                <label>2. Comprovante de resid\u00eancia \u2014 PDF\/JPG\/PNG\n                  <input name=\"comp_res\" type=\"file\" accept=\".pdf,.jpg,.jpeg,.png\" required>\n                <\/label>\n                <small class=\"hint\">Pode estar em nome pr\u00f3prio, dos pais ou do c\u00f4njuge.<\/small>\n                <label>3. Contrato de aluguel ou Declara\u00e7\u00e3o de endere\u00e7o (Opcional)\n                  <input name=\"contrato\" type=\"file\" accept=\".pdf,.jpg,.jpeg,.png\">\n                <\/label>\n                <label>4. Prova 01<input name=\"prova_01\" type=\"file\" accept=\".pdf,.jpg,.jpeg,.png\"><\/label>\n                <label>5. Prova 02<input name=\"prova_02\" type=\"file\" accept=\".pdf,.jpg,.jpeg,.png\"><\/label>\n                <div id=\"gcc_mais_provas\"><\/div>\n                <button type=\"button\" id=\"gcc_add_prova\" class=\"btn btn-secondary\">+ Adicionar Prova<\/button>\n              <\/div>\n\n              <div class=\"gcc-divider\"><\/div>\n\n              <div class=\"gcc-consent-wrap\">\n                <label class=\"gcc-consent\">\n                  <input id=\"gcc_consent\" name=\"consent\" type=\"checkbox\" required>\n                  <span>Li e aceito os <a href=\"https:\/\/girardiadv.com.br\/inicio\/termos-de-consentimento\/\" target=\"_blank\" rel=\"noopener noreferrer\">Termos de Consentimento<\/a> e a <a href=\"https:\/\/girardiadv.com.br\/inicio\/politica-de-privacidade\/\" target=\"_blank\" rel=\"noopener noreferrer\">Pol\u00edtica de Privacidade<\/a>.<\/span>\n                <\/label>\n                <div id=\"gcc_consent_feedback\" class=\"muted\"><\/div>\n              <\/div>\n            <\/div>\n          <\/fieldset>\n        <\/section>\n\n        <div class=\"gcc-sticky-actions wizard\" role=\"toolbar\" aria-label=\"A\u00e7\u00f5es do formul\u00e1rio\">\n          <button class=\"btn btn-secondary\" type=\"button\" id=\"btnPrev\" disabled>Voltar<\/button>\n          <button class=\"btn btn-primary\" type=\"button\" id=\"btnNext\">Avan\u00e7ar<\/button>\n          <button class=\"btn btn-primary\" type=\"submit\" id=\"btnSubmit\" hidden>Enviar cadastro<\/button>\n          <span id=\"gcc_status\" class=\"muted\" aria-live=\"polite\"><\/span>\n        <\/div>\n      <\/form>\n    <\/div>\n    \n<\/div><\/section>\n","protected":false},"excerpt":{"rendered":"","protected":false},"author":1,"featured_media":0,"parent":0,"menu_order":0,"comment_status":"closed","ping_status":"closed","template":"","meta":{"jetpack_post_was_ever_published":false,"footnotes":""},"jetpack_sharing_enabled":true,"jetpack_shortlink":"https:\/\/wp.me\/PaSEzW-h6","jetpack_likes_enabled":true,"_links":{"self":[{"href":"https:\/\/girardiadv.com.br\/inicio\/wp-json\/wp\/v2\/pages\/1060"}],"collection":[{"href":"https:\/\/girardiadv.com.br\/inicio\/wp-json\/wp\/v2\/pages"}],"about":[{"href":"https:\/\/girardiadv.com.br\/inicio\/wp-json\/wp\/v2\/types\/page"}],"author":[{"embeddable":true,"href":"https:\/\/girardiadv.com.br\/inicio\/wp-json\/wp\/v2\/users\/1"}],"replies":[{"embeddable":true,"href":"https:\/\/girardiadv.com.br\/inicio\/wp-json\/wp\/v2\/comments?post=1060"}],"version-history":[{"count":2,"href":"https:\/\/girardiadv.com.br\/inicio\/wp-json\/wp\/v2\/pages\/1060\/revisions"}],"predecessor-version":[{"id":1066,"href":"https:\/\/girardiadv.com.br\/inicio\/wp-json\/wp\/v2\/pages\/1060\/revisions\/1066"}],"wp:attachment":[{"href":"https:\/\/girardiadv.com.br\/inicio\/wp-json\/wp\/v2\/media?parent=1060"}],"curies":[{"name":"wp","href":"https:\/\/api.w.org\/{rel}","templated":true}]}}