{"id":1008,"date":"2025-06-13T19:47:26","date_gmt":"2025-06-13T19:47:26","guid":{"rendered":"https:\/\/girardiadv.com.br\/inicio\/?page_id=1008"},"modified":"2025-06-13T19:47:27","modified_gmt":"2025-06-13T19:47:27","slug":"obrigado","status":"publish","type":"page","link":"https:\/\/girardiadv.com.br\/inicio\/obrigado\/","title":{"rendered":"Obrigado!"},"content":{"rendered":"<div class=\"flex_column av_one_full  flex_column_div av-zero-column-padding first  avia-builder-el-0  avia-builder-el-no-sibling  \" style='border-radius:0px; '><p><div style='padding-bottom:10px; ' class='av-special-heading av-special-heading-h3    avia-builder-el-1  el_before_av_textblock  avia-builder-el-first  '><h3 class='av-special-heading-tag '  itemprop=\"headline\"  >Cadastro efetuado com Sucesso!!!<\/h3><div class='special-heading-border'><div class='special-heading-inner-border' ><\/div><\/div><\/div><br \/>\n<section class=\"av_textblock_section \"  itemscope=\"itemscope\" itemtype=\"https:\/\/schema.org\/CreativeWork\" ><div class='avia_textblock  '   itemprop=\"text\" ><p><!--StartFragment --><\/p>\n<p>Temos a satisfa\u00e7\u00e3o de confirmar que seu atendimento foi formalmente iniciado com o escrit\u00f3rio <strong>Girardi Advocacia &amp; Consultoria<\/strong>.<\/p>\n<p>Agradecemos profundamente pela confian\u00e7a em nosso trabalho. Nosso compromisso \u00e9 cuidar do seu caso com responsabilidade, aten\u00e7\u00e3o aos detalhes e total dedica\u00e7\u00e3o \u00e0 busca pela melhor solu\u00e7\u00e3o jur\u00eddica.<\/p>\n<p>Seguimos \u00e0 disposi\u00e7\u00e3o para esclarecer d\u00favidas e mant\u00ea-lo sempre informado sobre cada etapa do processo.<\/p>\n<p>Conte com a nossa equipe. \u00c9 uma honra represent\u00e1-lo.<\/p>\n<p>Logo, receber\u00e1 mais informa\u00e7\u00f5es sobre o seu caso.<\/p>\n<p>cordialmente,<\/p>\n<p>Equipe <strong>Girardi Advocacia &amp; Consultoria<\/strong><\/p>\n<p><!--EndFragment --><\/p>\n<\/div><\/section><\/p><\/div>\n","protected":false},"excerpt":{"rendered":"","protected":false},"author":1,"featured_media":0,"parent":0,"menu_order":0,"comment_status":"closed","ping_status":"closed","template":"","meta":{"jetpack_post_was_ever_published":false,"footnotes":""},"jetpack_sharing_enabled":true,"jetpack_shortlink":"https:\/\/wp.me\/PaSEzW-gg","jetpack_likes_enabled":true,"_links":{"self":[{"href":"https:\/\/girardiadv.com.br\/inicio\/wp-json\/wp\/v2\/pages\/1008"}],"collection":[{"href":"https:\/\/girardiadv.com.br\/inicio\/wp-json\/wp\/v2\/pages"}],"about":[{"href":"https:\/\/girardiadv.com.br\/inicio\/wp-json\/wp\/v2\/types\/page"}],"author":[{"embeddable":true,"href":"https:\/\/girardiadv.com.br\/inicio\/wp-json\/wp\/v2\/users\/1"}],"replies":[{"embeddable":true,"href":"https:\/\/girardiadv.com.br\/inicio\/wp-json\/wp\/v2\/comments?post=1008"}],"version-history":[{"count":1,"href":"https:\/\/girardiadv.com.br\/inicio\/wp-json\/wp\/v2\/pages\/1008\/revisions"}],"predecessor-version":[{"id":1009,"href":"https:\/\/girardiadv.com.br\/inicio\/wp-json\/wp\/v2\/pages\/1008\/revisions\/1009"}],"wp:attachment":[{"href":"https:\/\/girardiadv.com.br\/inicio\/wp-json\/wp\/v2\/media?parent=1008"}],"curies":[{"name":"wp","href":"https:\/\/api.w.org\/{rel}","templated":true}]}}